{"id":195,"date":"2019-04-10T16:34:02","date_gmt":"2019-04-10T21:34:02","guid":{"rendered":"https:\/\/www.mercanet.co\/?page_id=195"},"modified":"2026-04-01T20:36:57","modified_gmt":"2026-04-02T01:36:57","slug":"quienes-somos","status":"publish","type":"page","link":"https:\/\/mercanet.co\/index.php\/quienes-somos\/","title":{"rendered":"QUI\u00c9NES SOMOS"},"content":{"rendered":"<p>[vc_row][vc_column][vc_column_text]<\/p>\n<h1 style=\"text-align: center; font-size: 45px;\">NUESTRA HISTORIA<\/h1>\n<p>[\/vc_column_text][tm_spacer size=&#8221;xs:10;lg:20&#8243;][vc_column_text]Hace 20 a\u00f1os, nuestro fundador y visionario Luis Domingo Hern\u00e1ndez tuvo la necesidad de tener conexi\u00f3n a Internet en la Sabana de Bogot\u00e1. \u00a0Solicit\u00f3 el servicio a las grandes empresas de conectividad sin lograr una soluci\u00f3n de parte de ellos. Indagando con los habitantes de la zona, se dio cuenta de que su necesidad era com\u00fan en varias personas de Bogot\u00e1. As\u00ed fue como decidi\u00f3 fundar Mercanet, una compa\u00f1\u00eda con tecnolog\u00eda de punta que se especializa en atender mercados particulares y brindar soluciones &#8220;customizadas&#8221; a clientes con altos est\u00e1ndares de servicio. Por 20 a\u00f1os hemos logrado satisfacer eficientemente las necesidades de grandes empresas quienes han encontrado en Mercanet un aliado de negocio que siempre va adelante en tecnolog\u00eda y transfiere este conocimiento a sus clientes para beneficio de sus empresas.[\/vc_column_text][tm_spacer size=&#8221;xs:10;lg:30&#8243;][\/vc_column][\/vc_row]<\/p>\n","protected":false},"excerpt":{"rendered":"<p>[vc_row][vc_column][vc_column_text] NUESTRA HISTORIA [\/vc_column_text][tm_spacer size=&#8221;xs:10;lg:20&#8243;][vc_column_text]Hace 20 a\u00f1os, nuestro fundador y visionario Luis Domingo Hern\u00e1ndez tuvo la necesidad de tener conexi\u00f3n a Internet en la Sabana de Bogot\u00e1. \u00a0Solicit\u00f3 el servicio a las grandes empresas de conectividad sin lograr una soluci\u00f3n de parte de ellos. Indagando con los habitantes de la zona, se dio cuenta de que su necesidad era com\u00fan en varias personas de Bogot\u00e1. As\u00ed fue como decidi\u00f3 fundar Mercanet, una compa\u00f1\u00eda con tecnolog\u00eda de punta que se especializa en atender mercados particulares y brindar soluciones &#8220;customizadas&#8221; a clientes con altos est\u00e1ndares de servicio. Por 20 a\u00f1os hemos logrado satisfacer eficientemente las necesidades de grandes empresas quienes han encontrado en Mercanet un aliado de negocio que siempre va adelante en tecnolog\u00eda y transfiere este conocimiento a sus clientes para beneficio de sus empresas.[\/vc_column_text][tm_spacer size=&#8221;xs:10;lg:30&#8243;][\/vc_column][\/vc_row]<\/p>\n","protected":false},"author":1,"featured_media":0,"parent":0,"menu_order":0,"comment_status":"closed","ping_status":"closed","template":"","meta":{"footnotes":""},"class_list":["post-195","page","type-page","status-publish","hentry","post-no-thumbnail"],"_links":{"self":[{"href":"https:\/\/mercanet.co\/index.php\/wp-json\/wp\/v2\/pages\/195","targetHints":{"allow":["GET"]}}],"collection":[{"href":"https:\/\/mercanet.co\/index.php\/wp-json\/wp\/v2\/pages"}],"about":[{"href":"https:\/\/mercanet.co\/index.php\/wp-json\/wp\/v2\/types\/page"}],"author":[{"embeddable":true,"href":"https:\/\/mercanet.co\/index.php\/wp-json\/wp\/v2\/users\/1"}],"replies":[{"embeddable":true,"href":"https:\/\/mercanet.co\/index.php\/wp-json\/wp\/v2\/comments?post=195"}],"version-history":[{"count":6,"href":"https:\/\/mercanet.co\/index.php\/wp-json\/wp\/v2\/pages\/195\/revisions"}],"predecessor-version":[{"id":235,"href":"https:\/\/mercanet.co\/index.php\/wp-json\/wp\/v2\/pages\/195\/revisions\/235"}],"wp:attachment":[{"href":"https:\/\/mercanet.co\/index.php\/wp-json\/wp\/v2\/media?parent=195"}],"curies":[{"name":"wp","href":"https:\/\/api.w.org\/{rel}","templated":true}]}}